{"id":3,"date":"2020-06-05T16:12:37","date_gmt":"2020-06-05T21:12:37","guid":{"rendered":"http:\/\/credysoluciones.club\/?page_id=3"},"modified":"2023-03-24T08:35:19","modified_gmt":"2023-03-24T20:05:19","slug":"politica-privacidad","status":"publish","type":"page","link":"https:\/\/credysoluciones.club\/index.php\/politica-privacidad\/","title":{"rendered":"Pol\u00edtica de Privacidad"},"content":{"rendered":"\t\t<div data-elementor-type=\"wp-page\" data-elementor-id=\"3\" class=\"elementor elementor-3\" data-elementor-settings=\"[]\">\n\t\t\t\t\t\t<div class=\"elementor-inner\">\n\t\t\t\t\t\t\t<div class=\"elementor-section-wrap\">\n\t\t\t\t\t\t\t<section class=\"elementor-section elementor-top-section elementor-element elementor-element-458cee3 elementor-section-boxed elementor-section-height-default elementor-section-height-default\" data-id=\"458cee3\" data-element_type=\"section\">\n\t\t\t\t\t\t<div class=\"elementor-container elementor-column-gap-default\">\n\t\t\t\t\t\t\t<div class=\"elementor-row\">\n\t\t\t\t\t<div class=\"elementor-column elementor-col-100 elementor-top-column elementor-element elementor-element-321f7\" data-id=\"321f7\" data-element_type=\"column\">\n\t\t\t<div class=\"elementor-column-wrap elementor-element-populated\">\n\t\t\t\t\t\t\t<div class=\"elementor-widget-wrap\">\n\t\t\t\t\t\t<div class=\"elementor-element elementor-element-2614b58 elementor-widget elementor-widget-menu-anchor\" data-id=\"2614b58\" data-element_type=\"widget\" data-widget_type=\"menu-anchor.default\">\n\t\t\t\t<div class=\"elementor-widget-container\">\n\t\t\t\t\t<div class=\"elementor-menu-anchor\"><\/div>\n\t\t\t\t<\/div>\n\t\t\t\t<\/div>\n\t\t\t\t<div class=\"elementor-element elementor-element-260db444 elementor-widget elementor-widget-text-editor\" data-id=\"260db444\" data-element_type=\"widget\" data-widget_type=\"text-editor.default\">\n\t\t\t\t<div class=\"elementor-widget-container\">\n\t\t\t\t\t<div class=\"elementor-text-editor elementor-clearfix\"><p><!-- wp:heading --><\/p>\n<h4>\u00a0<\/h4>\n<h2>Terminos y condiciones<\/h2>\n<h4>\u00a0<\/h4>\n<h6>\u201cDe conformidad con la Ley N\u00b0 29733, Ley de Protecci\u00f3n de Datos Personales y su norma reglamentaria D.S. y N\u00b0 003-2013-JUS en los t\u00e9rminos vigentes de ambas, desde el momento que Ud. haya declarado la aceptaci\u00f3n expresa del tratamiento de sus datos personales mediante la realizaci\u00f3n de cliqueo\/pinchado\/touch \/pad\/descarga de aplicaci\u00f3n (u otro mecanismo utilizado) dispuesto para la autorizaci\u00f3n mencioda, Ud. autoriza a CREDYSOLUCIONES SRL., domiciliada en Av. Lambramani E-9 cercado &#8211; Arequipa, que todos los datos personales suyos facilitados o que se faciliten a trav\u00e9s de su ingreso al portal o por cualquier medio sean recolectados y tratados por CREDYSOLUCIONES SRL., con fines estrictamente para evaluaci\u00f3n crediticia de ser el caso.<\/h6>\n<h6>Adicionalmente, se entender\u00e1 que el usuario y\/o visitante del portal consiente el tratamiento de sus datos personales si mediante su conducta se evidencia que ha consentido inequ\u00edvocamente el tratamiento de sus datos brindados en el Portal, conforme a lo permitido en el art\u00edculo 12\u00b0 numeral 3 del Reglamento de la Ley de Protecci\u00f3n de datos personales.<\/h6>\n<h6>El usuario y\/o visitante del portal consiente expresamente que CREDYSOLUCIONES SRL., pueda ceder los datos personales a terceros tales como (identificar los posibles beneficiarios o destinatarios de los datos) en los t\u00e9rminos y condiciones anteriormente indicados.<\/h6>\n<h6>El Usuario presta su consentimiento para que se puedan transferir sus datos en los t\u00e9rminos y condiciones anteriormente indicados, a otras entidades con destino a un pa\u00eds extranjero. Los datos personales ser\u00e1n incorporados al fichero de Clientes de titularidad de CREDYSOLUCIONES SRL., Sus datos ser\u00e1n utilizados en la gesti\u00f3n administrativa y comercial de la petici\u00f3n del usuario y de una eventual relaci\u00f3n contractual con CREDYSOLUCIONES SRL.<\/h6>\n<h6>Los datos se mantendr\u00e1n en el fichero mientras se consideren \u00fatiles con el fin CREDYSOLUCIONES SRL., de que pueda prestar y ofrecer sus servicios y darles tr\u00e1mite, enviarle por cualquier medio o soporte informaci\u00f3n y publicidad sobre las ofertas, promociones y recomendaciones de CREDYSOLUCIONES SRL., y de terceros que considere pertinente, as\u00ed como para realizar encuestas, estad\u00edsticas y an\u00e1lisis de tendencias de mercado.<\/h6>\n<h6>El Usuario autoriza a CREDYSOLUCIONES SRL., a conservar sus datos una vez finalizada la relaci\u00f3n contractual, para el cumplimiento de las obligaciones legales pertinentes, y para que pueda recibir informaci\u00f3n publicitaria y ofertas comerciales, dentro de los l\u00edmites legales permitidos.<\/h6>\n<h6>En cuanto entre en vigencia las disposiciones pertinentes de la Ley N\u00b0 29733, al Usuario le asiste de ejercer los derechos de acceso, rectificaci\u00f3n, oposici\u00f3n y cancelaci\u00f3n de los datos personales, los cuales podr\u00e1 ejercer mediante la opci\u00f3n de contacto que ponemos a su disposici\u00f3n.<\/h6>\n<h6>El usuario responde de la veracidad de los datos facilitados por el, reserv\u00e1ndose CREDYSOLUCIONES SRL., el derecho a excluirlo, imponer las sanciones o realizar las denuncias respectivas, en caso de constatar la falsedad o inexactitud de los mismos. CREDYSOLUCIONES SRL., ha adoptado los niveles de seguridad de protecci\u00f3n de los Datos Personales legalmente requeridos. No obstante, el Usuario debe ser consciente de que dichas medidas en Internet no son inexpugnables.\u201d<\/h6>\n<h2>Qui\u00e9nes somos<\/h2>\n<p><!-- \/wp:heading --><\/p>\n<p><!-- wp:paragraph --><\/p>\n<p>La direcci\u00f3n de nuestra web es: http:\/\/credysoluciones.club.<\/p>\n<p><!-- \/wp:paragraph --><\/p>\n<p><!-- wp:heading --><\/p>\n<h2>Qu\u00e9 datos personales recogemos y por qu\u00e9 los recogemos<\/h2>\n<p><!-- \/wp:heading --><\/p>\n<p><!-- wp:heading {\"level\":3} --><\/p>\n<h3>Comentarios<\/h3>\n<p><!-- \/wp:heading --><\/p>\n<p><!-- wp:paragraph --><\/p>\n<p>Cuando los visitantes dejan comentarios en la web, recopilamos los datos que se muestran en el formulario de comentarios, as\u00ed como la direcci\u00f3n IP del visitante y la cadena de agentes de usuario del navegador para ayudar a la detecci\u00f3n de spam.<\/p>\n<p><!-- \/wp:paragraph --><\/p>\n<p><!-- wp:paragraph --><\/p>\n<p>Una cadena an\u00f3nima creada a partir de tu direcci\u00f3n de correo electr\u00f3nico (tambi\u00e9n llamada hash) puede ser proporcionada al servicio de Gravatar para ver si la est\u00e1s usando. La pol\u00edtica de privacidad del servicio Gravatar est\u00e1 disponible aqu\u00ed: https:\/\/automattic.com\/privacy\/. Despu\u00e9s de la aprobaci\u00f3n de tu comentario, la imagen de tu perfil es visible para el p\u00fablico en el contexto de su comentario.<\/p>\n<p><!-- \/wp:paragraph --><\/p>\n<p><!-- wp:heading {\"level\":3} --><\/p>\n<h3>Multimedia<\/h3>\n<p><!-- \/wp:heading --><\/p>\n<p><!-- wp:paragraph --><\/p>\n<p>Si subes im\u00e1genes a la web deber\u00edas evitar subir im\u00e1genes con datos de ubicaci\u00f3n (GPS EXIF) incluidos. Los visitantes de la web pueden descargar y extraer cualquier dato de localizaci\u00f3n de las im\u00e1genes de la web.<\/p>\n<p><!-- \/wp:paragraph --><\/p>\n<p><!-- wp:heading {\"level\":3} --><\/p>\n<h3>Formularios de contacto<\/h3>\n<p><!-- \/wp:heading --><\/p>\n<p><!-- wp:heading {\"level\":3} --><\/p>\n<h3>Cookies<\/h3>\n<p><!-- \/wp:heading --><\/p>\n<p><!-- wp:paragraph --><\/p>\n<p>Si dejas un comentario en nuestro sitio puedes elegir guardar tu nombre, direcci\u00f3n de correo electr\u00f3nico y web en cookies. Esto es para tu comodidad, para que no tengas que volver a rellenar tus datos cuando dejes otro comentario. Estas cookies tendr\u00e1n una duraci\u00f3n de un a\u00f1o.<\/p>\n<p><!-- \/wp:paragraph --><\/p>\n<p><!-- wp:paragraph --><\/p>\n<p>Si tienes una cuenta y te conectas a este sitio, instalaremos una cookie temporal para determinar si tu navegador acepta cookies. Esta cookie no contiene datos personales y se elimina al cerrar el navegador.<\/p>\n<p><!-- \/wp:paragraph --><\/p>\n<p><!-- wp:paragraph --><\/p>\n<p>Cuando inicias sesi\u00f3n, tambi\u00e9n instalaremos varias cookies para guardar tu informaci\u00f3n de inicio de sesi\u00f3n y tus opciones de visualizaci\u00f3n de pantalla. Las cookies de inicio de sesi\u00f3n duran dos d\u00edas, y las cookies de opciones de pantalla duran un a\u00f1o. Si seleccionas &#8220;Recordarme&#8221;, tu inicio de sesi\u00f3n perdurar\u00e1 durante dos semanas. Si sales de tu cuenta, las cookies de inicio de sesi\u00f3n se eliminar\u00e1n.<\/p>\n<p><!-- \/wp:paragraph --><\/p>\n<p><!-- wp:paragraph --><\/p>\n<p>Si editas o publicas un art\u00edculo se guardar\u00e1 una cookie adicional en tu navegador. Esta cookie no incluye datos personales y simplemente indica el ID del art\u00edculo que acabas de editar. Caduca despu\u00e9s de 1 d\u00eda.<\/p>\n<p><!-- \/wp:paragraph --><\/p>\n<p><!-- wp:heading {\"level\":3} --><\/p>\n<h3>Contenido incrustado de otros sitios web<\/h3>\n<p><!-- \/wp:heading --><\/p>\n<p><!-- wp:paragraph --><\/p>\n<p>Los art\u00edculos de este sitio pueden incluir contenido incrustado (por ejemplo, v\u00eddeos, im\u00e1genes, art\u00edculos, etc.). El contenido incrustado de otras web se comporta exactamente de la misma manera que si el visitante hubiera visitado la otra web.<\/p>\n<p><!-- \/wp:paragraph --><\/p>\n<p><!-- wp:paragraph --><\/p>\n<p>Estas web pueden recopilar datos sobre ti, utilizar cookies, incrustar un seguimiento adicional de terceros, y supervisar tu interacci\u00f3n con ese contenido incrustado, incluido el seguimiento de tu interacci\u00f3n con el contenido incrustado si tienes una cuenta y est\u00e1s conectado a esa web.<\/p>\n<p><!-- \/wp:paragraph --><\/p>\n<p><!-- wp:heading {\"level\":3} --><\/p>\n<h3>Analytics<\/h3>\n<p><!-- \/wp:heading --><\/p>\n<p><!-- wp:heading --><\/p>\n<h2>Con qui\u00e9n compartimos tus datos<\/h2>\n<p><!-- \/wp:heading --><\/p>\n<p><!-- wp:heading --><\/p>\n<h2>Cu\u00e1nto tiempo conservamos tus datos<\/h2>\n<p><!-- \/wp:heading --><\/p>\n<p><!-- wp:paragraph --><\/p>\n<p>Si dejas un comentario, el comentario y sus metadatos se conservan indefinidamente. Esto es para que podamos reconocer y aprobar comentarios sucesivos autom\u00e1ticamente en lugar de mantenerlos en una cola de moderaci\u00f3n.<\/p>\n<p><!-- \/wp:paragraph --><\/p>\n<p><!-- wp:paragraph --><\/p>\n<p>De los usuarios que se registran en nuestra web (si los hay), tambi\u00e9n almacenamos la informaci\u00f3n personal que proporcionan en su perfil de usuario. Todos los usuarios pueden ver, editar o eliminar su informaci\u00f3n personal en cualquier momento (excepto que no pueden cambiar su nombre de usuario). Los administradores de la web tambi\u00e9n pueden ver y editar esa informaci\u00f3n.<\/p>\n<p><!-- \/wp:paragraph --><\/p>\n<p><!-- wp:heading --><\/p>\n<h2>Qu\u00e9 derechos tienes sobre tus datos<\/h2>\n<p><!-- \/wp:heading --><\/p>\n<p><!-- wp:paragraph --><\/p>\n<p>Si tienes una cuenta o has dejado comentarios en esta web, puedes solicitar recibir un archivo de exportaci\u00f3n de los datos personales que tenemos sobre ti, incluyendo cualquier dato que nos hayas proporcionado. Tambi\u00e9n puedes solicitar que eliminemos cualquier dato personal que tengamos sobre ti. Esto no incluye ning\u00fan dato que estemos obligados a conservar con fines administrativos, legales o de seguridad.<\/p>\n<p><!-- \/wp:paragraph --><\/p>\n<p><!-- wp:heading --><\/p>\n<h2>D\u00f3nde enviamos tus datos<\/h2>\n<p><!-- \/wp:heading --><\/p>\n<p><!-- wp:paragraph --><\/p>\n<p>Los comentarios de los visitantes pueden ser revisados por un servicio de detecci\u00f3n autom\u00e1tica de spam.<\/p>\n<p><!-- \/wp:paragraph --><\/p>\n<p><!-- wp:heading --><\/p>\n<h3>\u00a0<\/h3>\n<p><!-- \/wp:heading --><\/p><\/div>\n\t\t\t\t<\/div>\n\t\t\t\t<\/div>\n\t\t\t\t\t\t<\/div>\n\t\t\t\t\t<\/div>\n\t\t<\/div>\n\t\t\t\t\t\t\t\t<\/div>\n\t\t\t\t\t<\/div>\n\t\t<\/section>\n\t\t\t\t\t\t<\/div>\n\t\t\t\t\t\t<\/div>\n\t\t\t\t\t<\/div>\n\t\t","protected":false},"excerpt":{"rendered":"<p>\u00a0 Terminos y condiciones \u00a0 \u201cDe conformidad con la Ley N\u00b0 29733, Ley de Protecci\u00f3n de Datos Personales y su norma reglamentaria D.S. y N\u00b0 003-2013-JUS en los t\u00e9rminos vigentes de ambas, desde el momento que Ud. haya declarado la aceptaci\u00f3n expresa del tratamiento de sus datos personales mediante la realizaci\u00f3n de cliqueo\/pinchado\/touch \/pad\/descarga de &hellip;<\/p>\n<p class=\"read-more\"> <a class=\"\" href=\"https:\/\/credysoluciones.club\/index.php\/politica-privacidad\/\"> <span class=\"screen-reader-text\">Pol\u00edtica de Privacidad<\/span> Leer m\u00e1s &raquo;<\/a><\/p>\n","protected":false},"author":1,"featured_media":0,"parent":0,"menu_order":0,"comment_status":"closed","ping_status":"closed","template":"","meta":[],"yoast_head":"<!-- This site is optimized with the Yoast SEO plugin v14.9 - https:\/\/yoast.com\/wordpress\/plugins\/seo\/ -->\n<title>Pol\u00edtica de Privacidad | C&amp;S<\/title>\n<meta name=\"robots\" content=\"index, follow, max-snippet:-1, max-image-preview:large, max-video-preview:-1\" \/>\n<link rel=\"canonical\" href=\"https:\/\/credysoluciones.club\/index.php\/politica-privacidad\/\" \/>\n<meta property=\"og:locale\" content=\"es_ES\" \/>\n<meta property=\"og:type\" content=\"article\" \/>\n<meta property=\"og:title\" content=\"Pol\u00edtica de Privacidad | C&amp;S\" \/>\n<meta property=\"og:description\" content=\"\u00a0 Terminos y condiciones \u00a0 \u201cDe conformidad con la Ley N\u00b0 29733, Ley de Protecci\u00f3n de Datos Personales y su norma reglamentaria D.S. y N\u00b0 003-2013-JUS en los t\u00e9rminos vigentes de ambas, desde el momento que Ud. haya declarado la aceptaci\u00f3n expresa del tratamiento de sus datos personales mediante la realizaci\u00f3n de cliqueo\/pinchado\/touch \/pad\/descarga de &hellip; Pol\u00edtica de Privacidad Leer m\u00e1s &raquo;\" \/>\n<meta property=\"og:url\" content=\"https:\/\/credysoluciones.club\/index.php\/politica-privacidad\/\" \/>\n<meta property=\"og:site_name\" content=\"C&amp;S\" \/>\n<meta property=\"article:publisher\" content=\"https:\/\/www.facebook.com\/credysoluciones\/\" \/>\n<meta property=\"article:modified_time\" content=\"2023-03-24T20:05:19+00:00\" \/>\n<meta name=\"twitter:card\" content=\"summary_large_image\" \/>\n<script type=\"application\/ld+json\" class=\"yoast-schema-graph\">{\"@context\":\"https:\/\/schema.org\",\"@graph\":[{\"@type\":\"Organization\",\"@id\":\"https:\/\/credysoluciones.club\/#organization\",\"name\":\"C&S\",\"url\":\"https:\/\/credysoluciones.club\/\",\"sameAs\":[\"https:\/\/www.facebook.com\/credysoluciones\/\"],\"logo\":{\"@type\":\"ImageObject\",\"@id\":\"https:\/\/credysoluciones.club\/#logo\",\"inLanguage\":\"es\",\"url\":\"https:\/\/credysoluciones.club\/wp-content\/uploads\/2020\/06\/Logo-Credy-Soluciones.png\",\"width\":2443,\"height\":2199,\"caption\":\"C&S\"},\"image\":{\"@id\":\"https:\/\/credysoluciones.club\/#logo\"}},{\"@type\":\"WebSite\",\"@id\":\"https:\/\/credysoluciones.club\/#website\",\"url\":\"https:\/\/credysoluciones.club\/\",\"name\":\"Soluciones en cr\\u00e9dito y cobranzas\",\"description\":\"Soluciones en cr\\u00e9ditos y cobranzas\",\"publisher\":{\"@id\":\"https:\/\/credysoluciones.club\/#organization\"},\"potentialAction\":[{\"@type\":\"SearchAction\",\"target\":\"https:\/\/credysoluciones.club\/?s={search_term_string}\",\"query-input\":\"required name=search_term_string\"}],\"inLanguage\":\"es\"},{\"@type\":\"WebPage\",\"@id\":\"https:\/\/credysoluciones.club\/index.php\/politica-privacidad\/#webpage\",\"url\":\"https:\/\/credysoluciones.club\/index.php\/politica-privacidad\/\",\"name\":\"Pol\\u00edtica de Privacidad | C&amp;S\",\"isPartOf\":{\"@id\":\"https:\/\/credysoluciones.club\/#website\"},\"datePublished\":\"2020-06-05T21:12:37+00:00\",\"dateModified\":\"2023-03-24T20:05:19+00:00\",\"inLanguage\":\"es\",\"potentialAction\":[{\"@type\":\"ReadAction\",\"target\":[\"https:\/\/credysoluciones.club\/index.php\/politica-privacidad\/\"]}]}]}<\/script>\n<!-- \/ Yoast SEO plugin. -->","_links":{"self":[{"href":"https:\/\/credysoluciones.club\/index.php\/wp-json\/wp\/v2\/pages\/3"}],"collection":[{"href":"https:\/\/credysoluciones.club\/index.php\/wp-json\/wp\/v2\/pages"}],"about":[{"href":"https:\/\/credysoluciones.club\/index.php\/wp-json\/wp\/v2\/types\/page"}],"author":[{"embeddable":true,"href":"https:\/\/credysoluciones.club\/index.php\/wp-json\/wp\/v2\/users\/1"}],"replies":[{"embeddable":true,"href":"https:\/\/credysoluciones.club\/index.php\/wp-json\/wp\/v2\/comments?post=3"}],"version-history":[{"count":9,"href":"https:\/\/credysoluciones.club\/index.php\/wp-json\/wp\/v2\/pages\/3\/revisions"}],"predecessor-version":[{"id":1181,"href":"https:\/\/credysoluciones.club\/index.php\/wp-json\/wp\/v2\/pages\/3\/revisions\/1181"}],"wp:attachment":[{"href":"https:\/\/credysoluciones.club\/index.php\/wp-json\/wp\/v2\/media?parent=3"}],"curies":[{"name":"wp","href":"https:\/\/api.w.org\/{rel}","templated":true}]}}