{"id":854,"date":"2020-06-11T10:58:07","date_gmt":"2020-06-11T22:28:07","guid":{"rendered":"https:\/\/credysoluciones.club\/?post_type=product&#038;p=854"},"modified":"2020-07-23T05:07:12","modified_gmt":"2020-07-23T16:37:12","slug":"terma-de-120-litrs","status":"publish","type":"product","link":"https:\/\/credysoluciones.club\/index.php\/product\/terma-de-120-litrs\/","title":{"rendered":"Therma de 120 litros"},"content":{"rendered":"<p style=\"text-align: left;\"><strong>ADQUIERE TU TERMA DE 120 LITROS A <span style=\"color: #ff0000;\">CR\u00c9DITO DIRECTO\u00a0<\/span><\/strong><br \/>\n<!--more--><\/p>\n<p><strong>\u00a0Con\u00a0 inicial de S\/. 450\u00a0 pagar\u00e1s:<\/strong><\/p>\n<ul>\n<li>\n<h5><strong><span style=\"color: #333399;\">1 cuotas\u00a0 de\u00a0 S\/.\u00a0 1000\u00a0 &#8211; <span style=\"color: #ff0000;\">0% sin int\u00e9res<\/span><\/span><\/strong><\/h5>\n<\/li>\n<li>\n<h5><strong><span style=\"color: #333399;\">2 cuotas\u00a0 de\u00a0 S\/.\u00a0 500\u00a0 &#8211; <span style=\"color: #ff0000;\">0% sin int\u00e9res<\/span><\/span><\/strong><\/h5>\n<\/li>\n<li>\n<h5><strong><span style=\"color: #333399;\">3 cuotas\u00a0 de\u00a0 S\/.\u00a0 346<\/span><\/strong><\/h5>\n<\/li>\n<li>\n<h5><strong><span style=\"color: #333399;\">4 cuotas\u00a0 de\u00a0 S\/.\u00a0 265<\/span><\/strong><\/h5>\n<\/li>\n<li>\n<h5><strong><span style=\"color: #333399;\">5 cuotas\u00a0 de\u00a0 S\/.\u00a0 215<\/span><\/strong><\/h5>\n<\/li>\n<\/ul>\n<p><strong>Escr\u00edbenos al\u00a0 WhatsApp: <a href=\"https:\/\/bit.ly\/3aIxMSU\">https:\/\/bit.ly\/3aIxMSU<\/a><\/strong><\/p>\n","protected":false},"excerpt":{"rendered":"<ul>\n<li>\n<h4><span style=\"color: #000080;\">Con 1 panel de 12 tubos<\/span><\/h4>\n<\/li>\n<li>\n<h4><span style=\"color: #000080;\">Para 4 personas<\/span><\/h4>\n<\/li>\n<li>\n<h4><span style=\"color: #000080;\">Termotanque:\u00a0Acero aporcelanado 1\/8\u2033<\/span><\/h4>\n<\/li>\n<li>\n<h4><span style=\"color: #000080;\">Aislamiento termico de espuma cebra lila 1\u2033 y poliuretano\u00a0<\/span><\/h4>\n<\/li>\n<li>\n<h4><span style=\"color: #000080;\">Acabado acero inoxidable brillante 0.4\u00a0<\/span><\/h4>\n<\/li>\n<li>\n<h4><span style=\"color: #000080;\">Niples de conexi\u00f3n de 3\/4 y 1\/2 plastificado interiormente<\/span><\/h4>\n<\/li>\n<li>\n<h4><span style=\"color: #000080;\">Colector solar<\/span><\/h4>\n<\/li>\n<li>\n<h4><span style=\"color: #000080;\">Tubos de cobre de 3\/8 y 5\/8 0.7 mm espesor<\/span><\/h4>\n<\/li>\n<li>\n<h4><span style=\"color: #000080;\">Placa absorbente de alumino grofado 0.3 mm<\/span><\/h4>\n<\/li>\n<li>\n<h4><span style=\"color: #000080;\">Caja aluminio,vidrio cristal doble 4mm. Aislamiento termico espuma lila 1\/2<\/span><\/h4>\n<\/li>\n<li>\n<h4><span style=\"color: #000080;\">Garant\u00eda de 5 a\u00f1os<\/span><\/h4>\n<\/li>\n<li>\n<h4><span style=\"color: #000080;\">Instalaci\u00f3n gratuita en su domicilio<\/span><\/h4>\n<\/li>\n<\/ul>\n<p>&nbsp;<\/p>\n","protected":false},"featured_media":911,"comment_status":"open","ping_status":"closed","template":"","meta":[],"yoast_head":"<!-- This site is optimized with the Yoast SEO plugin v14.9 - https:\/\/yoast.com\/wordpress\/plugins\/seo\/ -->\n<title>Therma de 120 litros | C&amp;S<\/title>\n<meta name=\"robots\" content=\"index, follow, max-snippet:-1, max-image-preview:large, max-video-preview:-1\" \/>\n<link rel=\"canonical\" href=\"https:\/\/credysoluciones.club\/index.php\/product\/terma-de-120-litrs\/\" \/>\n<meta property=\"og:locale\" content=\"es_ES\" \/>\n<meta property=\"og:type\" content=\"article\" \/>\n<meta property=\"og:title\" content=\"Therma de 120 litros | C&amp;S\" \/>\n<meta property=\"og:description\" content=\"Con 1 panel de 12 tubos    Para 4 personas    Termotanque:\u00a0Acero aporcelanado 1\/8\u2033    Aislamiento termico de espuma cebra lila 1\u2033 y poliuretano\u00a0    Acabado acero inoxidable brillante 0.4\u00a0    Niples de conexi\u00f3n de 3\/4 y 1\/2 plastificado interiormente    Colector solar    Tubos de cobre de 3\/8 y 5\/8 0.7 mm espesor    Placa absorbente de alumino grofado 0.3 mm    Caja aluminio,vidrio cristal doble 4mm. Aislamiento termico espuma lila 1\/2    Garant\u00eda de 5 a\u00f1os    Instalaci\u00f3n gratuita en su domicilio   &nbsp;\" \/>\n<meta property=\"og:url\" content=\"https:\/\/credysoluciones.club\/index.php\/product\/terma-de-120-litrs\/\" \/>\n<meta property=\"og:site_name\" content=\"C&amp;S\" \/>\n<meta property=\"article:publisher\" content=\"https:\/\/www.facebook.com\/credysoluciones\/\" \/>\n<meta property=\"article:modified_time\" content=\"2020-07-23T16:37:12+00:00\" \/>\n<meta property=\"og:image\" content=\"https:\/\/credysoluciones.club\/wp-content\/uploads\/2020\/06\/Terma-120-L-2-2.jpg\" \/>\n\t<meta property=\"og:image:width\" content=\"344\" \/>\n\t<meta property=\"og:image:height\" content=\"403\" \/>\n<meta name=\"twitter:card\" content=\"summary_large_image\" \/>\n<script type=\"application\/ld+json\" class=\"yoast-schema-graph\">{\"@context\":\"https:\/\/schema.org\",\"@graph\":[{\"@type\":\"Organization\",\"@id\":\"https:\/\/credysoluciones.club\/#organization\",\"name\":\"C&S\",\"url\":\"https:\/\/credysoluciones.club\/\",\"sameAs\":[\"https:\/\/www.facebook.com\/credysoluciones\/\"],\"logo\":{\"@type\":\"ImageObject\",\"@id\":\"https:\/\/credysoluciones.club\/#logo\",\"inLanguage\":\"es\",\"url\":\"https:\/\/credysoluciones.club\/wp-content\/uploads\/2020\/06\/Logo-Credy-Soluciones.png\",\"width\":2443,\"height\":2199,\"caption\":\"C&S\"},\"image\":{\"@id\":\"https:\/\/credysoluciones.club\/#logo\"}},{\"@type\":\"WebSite\",\"@id\":\"https:\/\/credysoluciones.club\/#website\",\"url\":\"https:\/\/credysoluciones.club\/\",\"name\":\"Soluciones en cr\\u00e9dito y cobranzas\",\"description\":\"Soluciones en cr\\u00e9ditos y cobranzas\",\"publisher\":{\"@id\":\"https:\/\/credysoluciones.club\/#organization\"},\"potentialAction\":[{\"@type\":\"SearchAction\",\"target\":\"https:\/\/credysoluciones.club\/?s={search_term_string}\",\"query-input\":\"required name=search_term_string\"}],\"inLanguage\":\"es\"},{\"@type\":\"ImageObject\",\"@id\":\"https:\/\/credysoluciones.club\/index.php\/product\/terma-de-120-litrs\/#primaryimage\",\"inLanguage\":\"es\",\"url\":\"https:\/\/credysoluciones.club\/wp-content\/uploads\/2020\/06\/Terma-120-L-2-2.jpg\",\"width\":344,\"height\":403},{\"@type\":\"WebPage\",\"@id\":\"https:\/\/credysoluciones.club\/index.php\/product\/terma-de-120-litrs\/#webpage\",\"url\":\"https:\/\/credysoluciones.club\/index.php\/product\/terma-de-120-litrs\/\",\"name\":\"Therma de 120 litros | C&amp;S\",\"isPartOf\":{\"@id\":\"https:\/\/credysoluciones.club\/#website\"},\"primaryImageOfPage\":{\"@id\":\"https:\/\/credysoluciones.club\/index.php\/product\/terma-de-120-litrs\/#primaryimage\"},\"datePublished\":\"2020-06-11T22:28:07+00:00\",\"dateModified\":\"2020-07-23T16:37:12+00:00\",\"inLanguage\":\"es\",\"potentialAction\":[{\"@type\":\"ReadAction\",\"target\":[\"https:\/\/credysoluciones.club\/index.php\/product\/terma-de-120-litrs\/\"]}]}]}<\/script>\n<!-- \/ Yoast SEO plugin. -->","_links":{"self":[{"href":"https:\/\/credysoluciones.club\/index.php\/wp-json\/wp\/v2\/product\/854"}],"collection":[{"href":"https:\/\/credysoluciones.club\/index.php\/wp-json\/wp\/v2\/product"}],"about":[{"href":"https:\/\/credysoluciones.club\/index.php\/wp-json\/wp\/v2\/types\/product"}],"replies":[{"embeddable":true,"href":"https:\/\/credysoluciones.club\/index.php\/wp-json\/wp\/v2\/comments?post=854"}],"wp:featuredmedia":[{"embeddable":true,"href":"https:\/\/credysoluciones.club\/index.php\/wp-json\/wp\/v2\/media\/911"}],"wp:attachment":[{"href":"https:\/\/credysoluciones.club\/index.php\/wp-json\/wp\/v2\/media?parent=854"}],"curies":[{"name":"wp","href":"https:\/\/api.w.org\/{rel}","templated":true}]}}